{"id":51,"date":"2025-03-05T23:25:51","date_gmt":"2025-03-05T23:25:51","guid":{"rendered":"https:\/\/www.quiberon-triathlon.fr\/?page_id=51"},"modified":"2025-03-14T20:56:51","modified_gmt":"2025-03-14T20:56:51","slug":"contactez-nous","status":"publish","type":"page","link":"https:\/\/www.quiberon-triathlon.fr\/?page_id=51","title":{"rendered":"Contactez-nous"},"content":{"rendered":"\n<div class=\"wp-block-uagb-container uagb-block-d46b2aa1 alignfull uagb-is-root-container\"><div class=\"uagb-container-inner-blocks-wrap\">\n<div class=\"wp-block-uagb-container uagb-block-0c73f6fa\">\n<div class=\"wp-block-uagb-image uagb-block-378393ce wp-block-uagb-image--layout-default wp-block-uagb-image--effect-static wp-block-uagb-image--align-none\"><figure class=\"wp-block-uagb-image__figure\"><img decoding=\"async\" srcset=\"https:\/\/www.quiberon-triathlon.fr\/wp-content\/uploads\/2025\/03\/Triathlon-150-x-100-mm-1024x682.png ,https:\/\/www.quiberon-triathlon.fr\/wp-content\/uploads\/2025\/03\/Triathlon-150-x-100-mm.png 780w, https:\/\/www.quiberon-triathlon.fr\/wp-content\/uploads\/2025\/03\/Triathlon-150-x-100-mm.png 360w\" sizes=\"auto, (max-width: 480px) 150px\" src=\"https:\/\/www.quiberon-triathlon.fr\/wp-content\/uploads\/2025\/03\/Triathlon-150-x-100-mm-1024x682.png\" alt=\"\" class=\"uag-image-52\" width=\"1024\" height=\"682\" title=\"Triathlon (150 x 100 mm)\" loading=\"lazy\" role=\"img\"\/><\/figure><\/div>\n<\/div>\n\n\n\n<div class=\"uagb-position__sticky wp-block-uagb-container uagb-block-084b4e50\">\n<div class=\"wp-block-uagb-forms uagb-forms__outer-wrap uagb-block-caceab54 uagb-forms__medium-btn uag-blocks-common-selector\" style=\"--z-index-desktop:392;;--z-index-tablet:undefined;;--z-index-mobile:undefined;\"><form class=\"uagb-forms-main-form\" method=\"post\" autocomplete=\"on\" name=\"uagb-form-caceab54\">\n<div class=\"wp-block-uagb-forms-name uagb-forms-name-wrap uagb-forms-field-set uagb-block-c95f7afe\"><div class=\"uagb-forms-name-label required uagb-forms-input-label\" id=\"c95f7afe\">Votre pr\u00e9nom<\/div><input type=\"text\" placeholder=\"\" required class=\"uagb-forms-name-input uagb-forms-input\" name=\"c95f7afe\" autocomplete=\"given-name\"\/><\/div>\n\n\n\n<div class=\"wp-block-uagb-forms-name uagb-forms-name-wrap uagb-forms-field-set uagb-block-4b31a035\"><div class=\"uagb-forms-name-label required uagb-forms-input-label\" id=\"4b31a035\">Votre nom<\/div><input type=\"text\" placeholder=\"\" required class=\"uagb-forms-name-input uagb-forms-input\" name=\"4b31a035\" autocomplete=\"family-name\"\/><\/div>\n\n\n\n<div class=\"wp-block-uagb-forms-email uagb-forms-email-wrap uagb-forms-field-set uagb-block-2a10a0b4\"><div class=\"uagb-forms-email-label required uagb-forms-input-label\" id=\"2a10a0b4\">Votre e-mail<\/div><input type=\"email\" class=\"uagb-forms-email-input uagb-forms-input\" placeholder=\"exemple@mail.com\" required name=\"2a10a0b4\" autocomplete=\"email\"\/><\/div>\n\n\n\n<div class=\"wp-block-uagb-forms-textarea uagb-forms-textarea-wrap uagb-forms-field-set uagb-block-f35f314f\"><div class=\"uagb-forms-textarea-label required uagb-forms-input-label\" id=\"f35f314f\">Votre message<\/div><textarea required class=\"uagb-forms-textarea-input uagb-forms-input\" rows=\"4\" placeholder=\"Enter your message\" name=\"f35f314f\" autocomplete=\"off\"><\/textarea><\/div>\n<div class=\"uagb-forms-form-hidden-data\"><input type=\"hidden\" class=\"uagb_forms_form_label\" value=\"Spectra Form\"\/><input type=\"hidden\" class=\"uagb_forms_form_id\" value=\"uagb-form-caceab54\"\/><\/div><div class=\"uagb-form-reacaptcha-error-caceab54\"><\/div><div class=\"uagb-forms-main-submit-button-wrap wp-block-button\"><button class=\"uagb-forms-main-submit-button wp-block-button__link\"><div class=\"uagb-forms-main-submit-button-text\">Envoyer<\/div><\/button><\/div><\/form><div class=\"uagb-forms-success-message-caceab54 uagb-forms-submit-message-hide\"><span>Votre message a bien \u00e9t\u00e9 envoy\u00e9 !<\/span><\/div><div class=\"uagb-forms-failed-message-caceab54 uagb-forms-submit-message-hide\"><span>H\u00e9las, votre message n&rsquo;a pas pu \u00eatre envoy\u00e9.\nV\u00e9rifiez si tous les champs ont \u00e9t\u00e9 correctement remplis.<\/span><\/div><\/div>\n<\/div>\n\n\n\n<div class=\"wp-block-uagb-container uagb-block-8dfceb57\">\n<ul class=\"wp-block-social-links has-visible-labels has-icon-color has-icon-background-color is-layout-flex wp-block-social-links-is-layout-flex\"><\/ul>\n\n\n\n<div class=\"wp-block-uagb-image uagb-block-9b0dff25 wp-block-uagb-image--layout-default wp-block-uagb-image--effect-static wp-block-uagb-image--align-none\"><figure class=\"wp-block-uagb-image__figure\"><img decoding=\"async\" srcset=\"https:\/\/www.quiberon-triathlon.fr\/wp-content\/uploads\/2025\/03\/groupe6-1024x768.jpg ,https:\/\/www.quiberon-triathlon.fr\/wp-content\/uploads\/2025\/03\/groupe6.jpg 780w, https:\/\/www.quiberon-triathlon.fr\/wp-content\/uploads\/2025\/03\/groupe6.jpg 360w\" sizes=\"auto, (max-width: 480px) 150px\" src=\"https:\/\/www.quiberon-triathlon.fr\/wp-content\/uploads\/2025\/03\/groupe6-1024x768.jpg\" alt=\"\" class=\"uag-image-58\" width=\"1024\" height=\"768\" title=\"groupe6\" loading=\"lazy\" role=\"img\"\/><\/figure><\/div>\n<\/div>\n\n\n\n<div class=\"wp-block-uagb-container uagb-block-8a20181d\">\t\t\t<div \n\t\t\tclass=\"wp-block-uagb-google-map uagb-google-map__wrap uagb-block-7108e9c2     \"\n\t\t\tstyle=\"\" >\n\t\t\t\t<embed\n\t\t\t\t\tclass=\"uagb-google-map__iframe\"\n\t\t\t\t\ttitle=\"Carte Google pour \"\n\t\t\t\t\tsrc=\"https:\/\/maps.google.com\/maps?q=QUIberon&#038;z=14&#038;hl=fr&#038;t=m&#038;output=embed&#038;iwloc=near\"\n\t\t\t\t\twidth=\"640\"\n\t\t\t\t\theight=\"300\"\n\t\t\t\t\tloading=\"lazy\"\n\t\t\t\t><\/embed>\n\t\t\t<\/div>\n\t\t\t<\/div>\n<\/div><\/div>\n","protected":false},"excerpt":{"rendered":"","protected":false},"author":1,"featured_media":0,"parent":0,"menu_order":0,"comment_status":"closed","ping_status":"closed","template":"","meta":{"_uag_custom_page_level_css":"","site-sidebar-layout":"default","site-content-layout":"","ast-site-content-layout":"default","site-content-style":"default","site-sidebar-style":"default","ast-global-header-display":"","ast-banner-title-visibility":"","ast-main-header-display":"","ast-hfb-above-header-display":"","ast-hfb-below-header-display":"","ast-hfb-mobile-header-display":"","site-post-title":"","ast-breadcrumbs-content":"","ast-featured-img":"","footer-sml-layout":"","theme-transparent-header-meta":"","adv-header-id-meta":"","stick-header-meta":"","header-above-stick-meta":"","header-main-stick-meta":"","header-below-stick-meta":"","astra-migrate-meta-layouts":"default","ast-page-background-enabled":"default","ast-page-background-meta":{"desktop":{"background-color":"var(--ast-global-color-5)","background-image":"","background-repeat":"repeat","background-position":"center center","background-size":"auto","background-attachment":"scroll","background-type":"","background-media":"","overlay-type":"","overlay-color":"","overlay-opacity":"","overlay-gradient":""},"tablet":{"background-color":"","background-image":"","background-repeat":"repeat","background-position":"center center","background-size":"auto","background-attachment":"scroll","background-type":"","background-media":"","overlay-type":"","overlay-color":"","overlay-opacity":"","overlay-gradient":""},"mobile":{"background-color":"","background-image":"","background-repeat":"repeat","background-position":"center center","background-size":"auto","background-attachment":"scroll","background-type":"","background-media":"","overlay-type":"","overlay-color":"","overlay-opacity":"","overlay-gradient":""}},"ast-content-background-meta":{"desktop":{"background-color":"var(--ast-global-color-4)","background-image":"","background-repeat":"repeat","background-position":"center center","background-size":"auto","background-attachment":"scroll","background-type":"","background-media":"","overlay-type":"","overlay-color":"","overlay-opacity":"","overlay-gradient":""},"tablet":{"background-color":"var(--ast-global-color-4)","background-image":"","background-repeat":"repeat","background-position":"center center","background-size":"auto","background-attachment":"scroll","background-type":"","background-media":"","overlay-type":"","overlay-color":"","overlay-opacity":"","overlay-gradient":""},"mobile":{"background-color":"var(--ast-global-color-4)","background-image":"","background-repeat":"repeat","background-position":"center center","background-size":"auto","background-attachment":"scroll","background-type":"","background-media":"","overlay-type":"","overlay-color":"","overlay-opacity":"","overlay-gradient":""}},"footnotes":""},"class_list":["post-51","page","type-page","status-publish","hentry"],"uagb_featured_image_src":{"full":false,"thumbnail":false,"medium":false,"medium_large":false,"large":false,"1536x1536":false,"2048x2048":false},"uagb_author_info":{"display_name":"sophie","author_link":"https:\/\/www.quiberon-triathlon.fr\/?author=1"},"uagb_comment_info":0,"uagb_excerpt":null,"_links":{"self":[{"href":"https:\/\/www.quiberon-triathlon.fr\/index.php?rest_route=\/wp\/v2\/pages\/51","targetHints":{"allow":["GET"]}}],"collection":[{"href":"https:\/\/www.quiberon-triathlon.fr\/index.php?rest_route=\/wp\/v2\/pages"}],"about":[{"href":"https:\/\/www.quiberon-triathlon.fr\/index.php?rest_route=\/wp\/v2\/types\/page"}],"author":[{"embeddable":true,"href":"https:\/\/www.quiberon-triathlon.fr\/index.php?rest_route=\/wp\/v2\/users\/1"}],"replies":[{"embeddable":true,"href":"https:\/\/www.quiberon-triathlon.fr\/index.php?rest_route=%2Fwp%2Fv2%2Fcomments&post=51"}],"version-history":[{"count":8,"href":"https:\/\/www.quiberon-triathlon.fr\/index.php?rest_route=\/wp\/v2\/pages\/51\/revisions"}],"predecessor-version":[{"id":88,"href":"https:\/\/www.quiberon-triathlon.fr\/index.php?rest_route=\/wp\/v2\/pages\/51\/revisions\/88"}],"wp:attachment":[{"href":"https:\/\/www.quiberon-triathlon.fr\/index.php?rest_route=%2Fwp%2Fv2%2Fmedia&parent=51"}],"curies":[{"name":"wp","href":"https:\/\/api.w.org\/{rel}","templated":true}]}}